{"id":8,"date":"2023-04-04T15:13:46","date_gmt":"2023-04-04T13:13:46","guid":{"rendered":"http:\/\/wordpress.tilly-hedrich.de\/wordpress.tilly-hedrich.de\/?page_id=8"},"modified":"2023-07-20T15:09:06","modified_gmt":"2023-07-20T13:09:06","slug":"tilly-hedrich-energieservices","status":"publish","type":"page","link":"https:\/\/wordpress.tilly-hedrich.de\/wordpress.tilly-hedrich.de\/","title":{"rendered":"Tilly Hedrich &#8211; Energieservices"},"content":{"rendered":"<p><img decoding=\"async\" width=\"300\" height=\"73\" src=\"https:\/\/wordpress.tilly-hedrich.de\/wordpress.tilly-hedrich.de\/wp-content\/uploads\/2023\/06\/tilly_logo_dachlogo_quer.svg\" alt=\"\" loading=\"lazy\" \/><br \/>\n\t\t\t<aupris-kleiner-preisrechner-1>loading&#8230;<\/aupris-kleiner-preisrechner-1>\t\t<\/p>\n<h2>Tilly Hedrich Energieservices<\/h2>\n<p>Als lokales Familienunternehmen sind wir seit vier Generationen in der Region t\u00e4tig und verstehen die besonderen Bed\u00fcrfnisse unserer Kunden. Wir bieten Ihnen nicht nur die gesamte Bandbreite hochwertiger fossiler und regenerativer Energietr\u00e4ger zu g\u00fcnstigen Preisen, sondern auch einen flexiblen und zuverl\u00e4ssigen Service, der auf Ihre individuellen Anforderungen zugeschnitten ist.\u00a0<\/p>\n<p>Unser Team aus erfahrenen Mitarbeitern ist t\u00e4glich pers\u00f6nlich f\u00fcr Sie da und beantwortet gerne alle Fragen zu unseren Produkten und Dienstleistungen, nehmen Ihre Bestellung entgegen oder koordinieren Liefertermin und -ort mit Ihnen.<\/p>\n<figure><img decoding=\"async\" width=\"60\" height=\"60\" src=\"https:\/\/wordpress.tilly-hedrich.de\/wordpress.tilly-hedrich.de\/wp-content\/uploads\/2023\/06\/tilly_icon_pellets_bunt.svg\" alt=\"\" loading=\"lazy\" \/><\/figure>\n<h3>Pellets<\/h3>\n<p>TillyPellets &#8211; h\u00f6chste Qualit\u00e4t f\u00fcr ein optimales Heizergebnis. Reduzieren Sie mit uns CO2 und profitieren Sie von einem fairen Preis-Leistungs-Verh\u00e4ltnis und einem pers\u00f6nlichen Service.<\/p>\n<figure><img decoding=\"async\" width=\"60\" height=\"60\" src=\"https:\/\/wordpress.tilly-hedrich.de\/wordpress.tilly-hedrich.de\/wp-content\/uploads\/2023\/06\/tilly_icon_pelletslager_bunt.svg\" alt=\"\" loading=\"lazy\" \/><\/figure>\n<h3>Pelletlager<\/h3>\n<p>Einbau ma\u00dfgeschneiderter Pelletlager sowie passende Serviceleistungen. Verlassen Sie sich auf sichere und best\u00e4ndige L\u00f6sungen vom Fachmann. Wir beraten Sie gerne!<\/p>\n<figure><img decoding=\"async\" width=\"60\" height=\"60\" src=\"https:\/\/wordpress.tilly-hedrich.de\/wordpress.tilly-hedrich.de\/wp-content\/uploads\/2023\/06\/tilly_icon_heizoel_bunt.svg\" alt=\"Tilly-Hedrich Energieservice - Heiz\u00f6l - Bunt\" loading=\"lazy\" \/><\/figure>\n<h3>Heiz\u00f6l<\/h3>\n<p>H\u00f6chste Qualit\u00e4t und gute Preise f\u00fcr eine effiziente W\u00e4rmeversorgung. Wir liefern flexibel und verl\u00e4sslich aus der Region f\u00fcr die Region. Fragen Sie uns unverbindlich an.<\/p>\n<figure><img decoding=\"async\" width=\"60\" height=\"60\" src=\"https:\/\/wordpress.tilly-hedrich.de\/wordpress.tilly-hedrich.de\/wp-content\/uploads\/2023\/06\/tilly_icon_schmierstoffe_bunt.svg\" alt=\"\" loading=\"lazy\" \/><\/figure>\n<h3>Schmierstoffe<\/h3>\n<p>F\u00fcr h\u00f6chste Anforderungen &#8211; die Schmierstoffe von Tilly Hedrich. Wir garantieren Qualit\u00e4t &amp; Leistung f\u00fcr Landwirtschaft und Baugewerbe, technische Expertise und schnellen Service.<\/p>\n<figure><img decoding=\"async\" width=\"60\" height=\"60\" src=\"https:\/\/wordpress.tilly-hedrich.de\/wordpress.tilly-hedrich.de\/wp-content\/uploads\/2023\/06\/tilly_icon_tankschutz_bunt.svg\" alt=\"\" loading=\"lazy\" \/><\/figure>\n<h3>Tankschutz<\/h3>\n<p>Sicherheit f\u00fcr Heim und Umwelt mit TillyTankschutz. Behalten Sie mit unseren Experten Vorschriften, Umweltschutz und die Kosten im Auge. <\/p>\n<figure><img decoding=\"async\" width=\"60\" height=\"60\" src=\"https:\/\/wordpress.tilly-hedrich.de\/wordpress.tilly-hedrich.de\/wp-content\/uploads\/2023\/06\/tilly_tankstelle.svg\" alt=\"\" loading=\"lazy\" \/><\/figure>\n<h3>Tankstellen<\/h3>\n<p>F\u00fcnf Mal vor Ort in unserer Region &#8211; die freien Tankstellen von Tilly Hedrich. Besuchen Sie unsere Tankstellen in Gie\u00dfen, Greifenstein, H\u00fcttenberg, Langg\u00f6ns oder Weinbach.<\/p>\n<h1>Energie aus Tradition!<\/h1>\n<p>Energie ist unsere Leidenschaft. Wir freuen uns darauf, ausch sie \u00fcberzeugen zu d\u00fcrfen!<\/p>\n<p>\t\t\t\t<svg aria-hidden=\"true\" viewBox=\"0 0 512 512\" xmlns=\"http:\/\/www.w3.org\/2000\/svg\"><path d=\"M444.52 3.52L28.74 195.42c-47.97 22.39-31.98 92.75 19.19 92.75h175.91v175.91c0 51.17 70.36 67.17 92.75 19.19l191.9-415.78c15.99-38.39-25.59-79.97-63.97-63.97z\"><\/path><\/svg>\t\t\t\t<\/p>\n<h3>\n\t\t\t\t\t\tRegional<br \/>\n\t\t\t\t<\/h3>\n<p><p>Wir beliefern unsere Kunden seit 4 Generationen vom hessischen Langg\u00f6ns aus mit hochwertiger Energie. Wir stehen zu unserem Standort und engangieren uns in Gesellschaft und im Sport aus der Region.<\/p>\n<\/p>\n<p>\t\t\t\t<svg aria-hidden=\"true\" viewBox=\"0 0 384 512\" xmlns=\"http:\/\/www.w3.org\/2000\/svg\"><path d=\"M378.31 378.49L298.42 288h30.63c9.01 0 16.98-5 20.78-13.06 3.8-8.04 2.55-17.26-3.28-24.05L268.42 160h28.89c9.1 0 17.3-5.35 20.86-13.61 3.52-8.13 1.86-17.59-4.24-24.08L203.66 4.83c-6.03-6.45-17.28-6.45-23.32 0L70.06 122.31c-6.1 6.49-7.75 15.95-4.24 24.08C69.38 154.65 77.59 160 86.69 160h28.89l-78.14 90.91c-5.81 6.78-7.06 15.99-3.27 24.04C37.97 283 45.93 288 54.95 288h30.63L5.69 378.49c-6 6.79-7.36 16.09-3.56 24.26 3.75 8.05 12 13.25 21.01 13.25H160v24.45l-30.29 48.4c-5.32 10.64 2.42 23.16 14.31 23.16h95.96c11.89 0 19.63-12.52 14.31-23.16L224 440.45V416h136.86c9.01 0 17.26-5.2 21.01-13.25 3.8-8.17 2.44-17.47-3.56-24.26z\"><\/path><\/svg>\t\t\t\t<\/p>\n<h3>\n\t\t\t\t\t\tNachhaltig<br \/>\n\t\t\t\t<\/h3>\n<p><p> Unser Gesch\u00e4ft basiert nach wie vor zu gro\u00dfen Teilen auf fossiler Energie. Trotzdem sind wir bereit f\u00fcr die Energiewende und bauen unser Engagement im Bereich von Pellets kontinuierlich aus.<\/p>\n<\/p>\n<p>\t\t\t\t<svg aria-hidden=\"true\" viewBox=\"0 0 640 512\" xmlns=\"http:\/\/www.w3.org\/2000\/svg\"><path d=\"M624 352h-16V243.9c0-12.7-5.1-24.9-14.1-33.9L494 110.1c-9-9-21.2-14.1-33.9-14.1H416V48c0-26.5-21.5-48-48-48H48C21.5 0 0 21.5 0 48v320c0 26.5 21.5 48 48 48h16c0 53 43 96 96 96s96-43 96-96h128c0 53 43 96 96 96s96-43 96-96h48c8.8 0 16-7.2 16-16v-32c0-8.8-7.2-16-16-16zM160 464c-26.5 0-48-21.5-48-48s21.5-48 48-48 48 21.5 48 48-21.5 48-48 48zm320 0c-26.5 0-48-21.5-48-48s21.5-48 48-48 48 21.5 48 48-21.5 48-48 48zm80-208H416V144h44.1l99.9 99.9V256z\"><\/path><\/svg>\t\t\t\t<\/p>\n<h3>\n\t\t\t\t\t\tZuverl\u00e4ssig<br \/>\n\t\t\t\t<\/h3>\n<p><p>Wer uns kennt, wei\u00df dass man sich auf uns verlassen kann. Egal wie kompliziert eine Aufgabe auch sein mag, wie verstehen unser Handwerk und tun alles, um unsere Kunden zufrieden zu stellen.<\/p>\n<\/p>\n<p>\t\t\t\t<svg aria-hidden=\"true\" viewBox=\"0 0 576 512\" xmlns=\"http:\/\/www.w3.org\/2000\/svg\"><path d=\"M96,128A64,64,0,1,0,32,64,64,64,0,0,0,96,128Zm0,176.08a44.11,44.11,0,0,1,13.64-32L181.77,204c1.65-1.55,3.77-2.31,5.61-3.57A63.91,63.91,0,0,0,128,160H64A64,64,0,0,0,0,224v96a32,32,0,0,0,32,32V480a32,32,0,0,0,32,32h64a32,32,0,0,0,32-32V383.61l-50.36-47.53A44.08,44.08,0,0,1,96,304.08ZM480,128a64,64,0,1,0-64-64A64,64,0,0,0,480,128Zm32,32H448a63.91,63.91,0,0,0-59.38,40.42c1.84,1.27,4,2,5.62,3.59l72.12,68.06a44.37,44.37,0,0,1,0,64L416,383.62V480a32,32,0,0,0,32,32h64a32,32,0,0,0,32-32V352a32,32,0,0,0,32-32V224A64,64,0,0,0,512,160ZM444.4,295.34l-72.12-68.06A12,12,0,0,0,352,236v36H224V236a12,12,0,0,0-20.28-8.73L131.6,295.34a12.4,12.4,0,0,0,0,17.47l72.12,68.07A12,12,0,0,0,224,372.14V336H352v36.14a12,12,0,0,0,20.28,8.74l72.12-68.07A12.4,12.4,0,0,0,444.4,295.34Z\"><\/path><\/svg>\t\t\t\t<\/p>\n<h3>\n\t\t\t\t\t\tPers\u00f6nlich<br \/>\n\t\t\t\t<\/h3>\n<p><p>Unsere Mitarbeiter stehen jeden Tag im engen Kontakt mit unseren Kunden. Sie tun das gerne, weil sie nicht nur gut ausgebildet und erfahren sind, sondern auch ein hohes Ma\u00df an Empathie aufweisen. Lernen Sie uns kennen! <\/p>\n<\/p>\n<h2>F\u00fcr jeden Kunden ein Baum in Hessen!<\/h2>\n<p>Setzen Sie ein Zeichen f\u00fcr die Umwelt mit Tilly Hedrich! Ab sofort pflanzen wir f\u00fcr jede Bestellung ab 2 Tonnen Pellets einen Baum in den Gemeinden Langg\u00f6ns und H\u00fcttenberg. Damit unterst\u00fctzen wir die Wiederaufforstung von Waldgebieten, die durch K\u00e4ferbefall oder St\u00fcrme zerst\u00f6rt wurden. Denn wir sind nicht nur ein Pelleth\u00e4ndler, sondern auch ein Unternehmen, das langfristig im Sinne unserer Kunden und der Umwelt handelt. Bestellen Sie jetzt und helfen Sie aktiv dabei, unsere Natur zu sch\u00fctzen und zu erhalten.<\/p>\n<p>Gemeinsam schaffen wir eine gr\u00fcnere Zukunft!<\/p>\n<h2>Die Zukunft von Tilly Hedrich<br \/>\nwird mit E-Fuels CO2 neutral! <\/h2>\n<p>F\u00fcr uns ist CO2-Neutralit\u00e4t mehr als nur ein Ziel &#8211; es ist unsere Verpflichtung gegen\u00fcber der Umwelt.&nbsp;&nbsp;<\/p>\n<p>Zuk\u00fcnftig wollen wir durch die Nutzung von E-Fuels auf eine weitere nachhaltige Alternative setzen, um den CO2-Aussto\u00df zu reduzieren und einen Beitrag zur Bek\u00e4mpfung des Klimawandels zu leisten.\u00a0<\/p>\n<p>\t\t\t<a href=\"https:\/\/www.e-fuels.de\/\" target=\"_blank\" rel=\"noopener\"><br \/>\n\t\t\t<svg aria-hidden=\"true\" viewBox=\"0 0 512 512\" xmlns=\"http:\/\/www.w3.org\/2000\/svg\"><path d=\"M504 256c0 136.997-111.043 248-248 248S8 392.997 8 256C8 119.083 119.043 8 256 8s248 111.083 248 248zM262.655 90c-54.497 0-89.255 22.957-116.549 63.758-3.536 5.286-2.353 12.415 2.715 16.258l34.699 26.31c5.205 3.947 12.621 3.008 16.665-2.122 17.864-22.658 30.113-35.797 57.303-35.797 20.429 0 45.698 13.148 45.698 32.958 0 14.976-12.363 22.667-32.534 33.976C247.128 238.528 216 254.941 216 296v4c0 6.627 5.373 12 12 12h56c6.627 0 12-5.373 12-12v-1.333c0-28.462 83.186-29.647 83.186-106.667 0-58.002-60.165-102-116.531-102zM256 338c-25.365 0-46 20.635-46 46 0 25.364 20.635 46 46 46s46-20.636 46-46c0-25.365-20.635-46-46-46z\"><\/path><\/svg>\t\t\t<\/a><\/p>\n<p>Wollen Sie schon jetzt mehr dazu wissen? <a href=\"https:\/\/www.e-fuels.de\/\" target=\"_blank\" rel=\"noopener\">lesen Sie hier<\/a><\/p>\n<h1>WIR SIND TILLY HEDRICH<\/h1>\n<p>Wir sind seit vielen Jahren Experten auf dem Gebiet der Energieversorgung und bieten Ihnen ma\u00dfgeschneiderte L\u00f6sungen f\u00fcr Ihre Bed\u00fcrfnisse. Mit unseren nachhaltigen Energietr\u00e4gern wie Pellets tragen wir zur Umweltschonung und einer zukunftsf\u00e4higen Energieversorgung bei. <br \/>Als Partner unserer Kunden sind Flexibilit\u00e4t, Zuverl\u00e4ssigkeit und Kundenzufriedenheit f\u00fcr uns selbstverst\u00e4ndlich. Zudem engagieren wir uns aktiv in unserer Region.<\/p>\n<p>Werden Sie Kunde oder Teil unseres Teams und gestalten Sie mit uns eine nachhaltige Zukunft. Kontaktieren Sie uns noch heute!<\/p>\n<p>\t\t\t\t<svg aria-hidden=\"true\" viewBox=\"0 0 448 512\" xmlns=\"http:\/\/www.w3.org\/2000\/svg\"><path d=\"M400 32H48A48 48 0 0 0 0 80v352a48 48 0 0 0 48 48h352a48 48 0 0 0 48-48V80a48 48 0 0 0-48-48zm-16.39 307.37l-15 65A15 15 0 0 1 354 416C194 416 64 286.29 64 126a15.7 15.7 0 0 1 11.63-14.61l65-15A18.23 18.23 0 0 1 144 96a16.27 16.27 0 0 1 13.79 9.09l30 70A17.9 17.9 0 0 1 189 181a17 17 0 0 1-5.5 11.61l-37.89 31a231.91 231.91 0 0 0 110.78 110.78l31-37.89A17 17 0 0 1 299 291a17.85 17.85 0 0 1 5.91 1.21l70 30A16.25 16.25 0 0 1 384 336a17.41 17.41 0 0 1-.39 3.37z\"><\/path><\/svg>\t\t\t\t<\/p>\n<h3>\n\t\t\t\t\t\t06403-77 999 0<br \/>\n\t\t\t\t<\/h3>\n<p>\t\t\t\t\t\t\t\t\t\t\t\t\t\t\t<img decoding=\"async\" width=\"800\" height=\"358\" src=\"https:\/\/wordpress.tilly-hedrich.de\/wordpress.tilly-hedrich.de\/wp-content\/uploads\/2023\/04\/logo_hedrich_herold-1024x458.jpg\" alt=\"\" loading=\"lazy\" srcset=\"https:\/\/wordpress.tilly-hedrich.de\/wordpress.tilly-hedrich.de\/wp-content\/uploads\/2023\/04\/logo_hedrich_herold-1024x458.jpg 1024w, https:\/\/wordpress.tilly-hedrich.de\/wordpress.tilly-hedrich.de\/wp-content\/uploads\/2023\/04\/logo_hedrich_herold-300x134.jpg 300w, https:\/\/wordpress.tilly-hedrich.de\/wordpress.tilly-hedrich.de\/wp-content\/uploads\/2023\/04\/logo_hedrich_herold-768x344.jpg 768w, https:\/\/wordpress.tilly-hedrich.de\/wordpress.tilly-hedrich.de\/wp-content\/uploads\/2023\/04\/logo_hedrich_herold.jpg 1082w\" sizes=\"(max-width: 800px) 100vw, 800px\" \/>\t\t\t\t\t\t\t\t\t\t\t\t\t\t\t<\/p>\n<p><strong>Infos und Neuigkeiten rund um Heizen, Energie und Tilly Hedrich!<\/strong><br \/>Haben Sie Interesse an unseren E-Mail Newsletter inklusive Tipps rund ums Energiesparen? (Anm: Hier Link einbauen)<br \/>Oder wollen Sie den Hedrich Herold kennen lernen &#8211; unsere Zeitschrift mit Informationen rund um Tilly Hedrich, unsere Mitarbeiter, Kunden, Lieferanten und Wissenswertem zum Thema Energie (Anm: aktuellen pdf Download hinterlegen)<\/p>\n<h3>UNSER LIEFERGEBIET<\/h3>\n<h3>UNSER LIEFER-<br \/>GEBIET<\/h3>\n<p>\t\t[table id=1 \/]<br \/>\n\t\t\t<a href=\"#\"><br \/>\n\t\t\t\t\t\tJetzt ENERGIE bestellen!<br \/>\n\t\t\t\t\t<\/a><br \/>\n\t\t\t\t\t\t\t\t\t\t\t\t\t\t\t<img decoding=\"async\" width=\"600\" height=\"767\" src=\"https:\/\/wordpress.tilly-hedrich.de\/wordpress.tilly-hedrich.de\/wp-content\/uploads\/2023\/06\/karte_neu2.png\" alt=\"Tilly-Hedrich Energieservice - Karte\" loading=\"lazy\" srcset=\"https:\/\/wordpress.tilly-hedrich.de\/wordpress.tilly-hedrich.de\/wp-content\/uploads\/2023\/06\/karte_neu2.png 600w, https:\/\/wordpress.tilly-hedrich.de\/wordpress.tilly-hedrich.de\/wp-content\/uploads\/2023\/06\/karte_neu2-235x300.png 235w\" sizes=\"(max-width: 600px) 100vw, 600px\" \/><\/p>\n","protected":false},"excerpt":{"rendered":"<p>loading&#8230; Tilly Hedrich Energieservices Als lokales Familienunternehmen sind wir seit vier Generationen in der Region t\u00e4tig und verstehen die besonderen Bed\u00fcrfnisse unserer Kunden. Wir bieten Ihnen nicht nur die gesamte Bandbreite hochwertiger fossiler und regenerativer Energietr\u00e4ger zu g\u00fcnstigen Preisen, sondern auch einen flexiblen und zuverl\u00e4ssigen Service, der auf Ihre individuellen Anforderungen zugeschnitten ist.\u00a0 Unser Team [&hellip;]<\/p>\n","protected":false},"author":1,"featured_media":4827,"parent":0,"menu_order":0,"comment_status":"closed","ping_status":"closed","template":"","meta":[],"_links":{"self":[{"href":"https:\/\/wordpress.tilly-hedrich.de\/wordpress.tilly-hedrich.de\/wp-json\/wp\/v2\/pages\/8"}],"collection":[{"href":"https:\/\/wordpress.tilly-hedrich.de\/wordpress.tilly-hedrich.de\/wp-json\/wp\/v2\/pages"}],"about":[{"href":"https:\/\/wordpress.tilly-hedrich.de\/wordpress.tilly-hedrich.de\/wp-json\/wp\/v2\/types\/page"}],"author":[{"embeddable":true,"href":"https:\/\/wordpress.tilly-hedrich.de\/wordpress.tilly-hedrich.de\/wp-json\/wp\/v2\/users\/1"}],"replies":[{"embeddable":true,"href":"https:\/\/wordpress.tilly-hedrich.de\/wordpress.tilly-hedrich.de\/wp-json\/wp\/v2\/comments?post=8"}],"version-history":[{"count":10,"href":"https:\/\/wordpress.tilly-hedrich.de\/wordpress.tilly-hedrich.de\/wp-json\/wp\/v2\/pages\/8\/revisions"}],"predecessor-version":[{"id":7489,"href":"https:\/\/wordpress.tilly-hedrich.de\/wordpress.tilly-hedrich.de\/wp-json\/wp\/v2\/pages\/8\/revisions\/7489"}],"wp:featuredmedia":[{"embeddable":true,"href":"https:\/\/wordpress.tilly-hedrich.de\/wordpress.tilly-hedrich.de\/wp-json\/wp\/v2\/media\/4827"}],"wp:attachment":[{"href":"https:\/\/wordpress.tilly-hedrich.de\/wordpress.tilly-hedrich.de\/wp-json\/wp\/v2\/media?parent=8"}],"curies":[{"name":"wp","href":"https:\/\/api.w.org\/{rel}","templated":true}]}}