{"id":2977,"date":"2023-06-15T15:53:16","date_gmt":"2023-06-15T13:53:16","guid":{"rendered":"http:\/\/wordpress.tilly-hedrich.de\/wordpress.tilly-hedrich.de\/?page_id=2977"},"modified":"2023-07-19T11:15:08","modified_gmt":"2023-07-19T09:15:08","slug":"stellenangebote","status":"publish","type":"page","link":"https:\/\/wordpress.tilly-hedrich.de\/wordpress.tilly-hedrich.de\/stellenangebote\/","title":{"rendered":"Stellenangebote"},"content":{"rendered":"<h1>Stellen-<br \/>\nAngebote<\/h1>\n<p>\t\t\t<a href=\"https:\/\/wordpress.tilly-hedrich.de\/wordpress.tilly-hedrich.de\/stellenangebote#jobs\"><br \/>\n\t\t\t\t\t\tJetzt bewerben!<br \/>\n\t\t\t\t\t<\/a><br \/>\n\t\t\t\t\t\t\t\t\t\t\t\t\t\t\t<img decoding=\"async\" width=\"300\" height=\"73\" src=\"https:\/\/wordpress.tilly-hedrich.de\/wordpress.tilly-hedrich.de\/wp-content\/uploads\/2023\/06\/tilly_logo_dachlogo_quer.svg\" alt=\"\" loading=\"lazy\" \/>\t\t\t\t\t\t\t\t\t\t\t\t\t\t\t<\/p>\n<h2>Willkommen bei Tilly Hedrich &#8211; dem Energieunternehmen mit Herz und Tradition!<\/h2>\n<h2>Willkommen bei Tilly Hedrich &#8211; dem Energie-<br \/>unternehmen mit Herz und Tradition!<\/h2>\n<p>Wenn Sie nach einem Arbeitgeber suchen, der Ihnen die M\u00f6glichkeit bietet, sich stetig weiterzuentwickeln, der Tradition und Innovation vereint und der sowohl auf Nachhaltigkeit als auch soziale Verantwortung setzt, dann sind Sie bei Tilly Hedrich genau richtig.<\/p>\n<p>Werden Sie Teil unseres Teams und gestalten Sie mit uns die Zukunft der Energieversorgung. Wir freuen uns darauf, Sie kennenzulernen und gemeinsam Vieles zu erreichen.<\/p>\n<h2>Unsere offenen Stellen<\/h2>\n<h2>Neben einem herausfordernden Job erwartet Sie bei uns so einiges<\/h2>\n<p>\t\t\t\t<svg aria-hidden=\"true\" viewBox=\"0 0 512 512\" xmlns=\"http:\/\/www.w3.org\/2000\/svg\"><path d=\"M173.898 439.404l-166.4-166.4c-9.997-9.997-9.997-26.206 0-36.204l36.203-36.204c9.997-9.998 26.207-9.998 36.204 0L192 312.69 432.095 72.596c9.997-9.997 26.207-9.997 36.204 0l36.203 36.204c9.997 9.997 9.997 26.206 0 36.204l-294.4 294.401c-9.998 9.997-26.207 9.997-36.204-.001z\"><\/path><\/svg>\t\t\t\t<\/p>\n<h3>\n\t\t\t\t\t\tJunges Team<br \/>\n\t\t\t\t<\/h3>\n<p>\n\t\t\t\t\t\tBei Tilly Hedrich sind wir stolz darauf, ein junges und dynamisches Team zu sein. Wir sch\u00e4tzen den frischen Wind und die innovativen Ideen junger Talente. Hier haben Sie die M\u00f6glichkeit, Ihre Pers\u00f6nlichkeit und Ihr Potenzial voll einzubringen. Gemeinsam gestalten wir die Zukunft der Energieversorgung und setzen auf die Kraft der Jugend.\n\t\t\t\t\t<\/p>\n<p>\t\t\t\t<svg aria-hidden=\"true\" viewBox=\"0 0 512 512\" xmlns=\"http:\/\/www.w3.org\/2000\/svg\"><path d=\"M173.898 439.404l-166.4-166.4c-9.997-9.997-9.997-26.206 0-36.204l36.203-36.204c9.997-9.998 26.207-9.998 36.204 0L192 312.69 432.095 72.596c9.997-9.997 26.207-9.997 36.204 0l36.203 36.204c9.997 9.997 9.997 26.206 0 36.204l-294.4 294.401c-9.998 9.997-26.207 9.997-36.204-.001z\"><\/path><\/svg>\t\t\t\t<\/p>\n<h3>\n\t\t\t\t\t\tFlache Hierarchien<br \/>\n\t\t\t\t<\/h3>\n<p>\n\t\t\t\t\t\tWir leben eine offene und transparente Unternehmenskultur, in der flache Hierarchien herrschen. Bei uns haben Sie die M\u00f6glichkeit, Ihre Ideen einzubringen und Verantwortung zu \u00fcbernehmen, unabh\u00e4ngig von Ihrer Position im Unternehmen. Wir sch\u00e4tzen Ihre Meinung und bieten Ihnen Raum f\u00fcr pers\u00f6nliches Wachstum und berufliche Weiterentwicklung.\n\t\t\t\t\t<\/p>\n<p>\t\t\t\t<svg aria-hidden=\"true\" viewBox=\"0 0 512 512\" xmlns=\"http:\/\/www.w3.org\/2000\/svg\"><path d=\"M173.898 439.404l-166.4-166.4c-9.997-9.997-9.997-26.206 0-36.204l36.203-36.204c9.997-9.998 26.207-9.998 36.204 0L192 312.69 432.095 72.596c9.997-9.997 26.207-9.997 36.204 0l36.203 36.204c9.997 9.997 9.997 26.206 0 36.204l-294.4 294.401c-9.998 9.997-26.207 9.997-36.204-.001z\"><\/path><\/svg>\t\t\t\t<\/p>\n<h3>\n\t\t\t\t\t\tModerne Arbeitspl\u00e4tze<br \/>\n\t\t\t\t<\/h3>\n<p>\n\t\t\t\t\t\tUnsere Arbeitspl\u00e4tze sind modern und auf dem neuesten Stand der Technik. Wir legen gro\u00dfen Wert auf eine angenehme und inspirierende Arbeitsumgebung, in der Sie Ihr volles Potenzial entfalten k\u00f6nnen. Bei uns finden Sie ergonomische B\u00fcrom\u00f6bel, innovative Technologien und alles, was Sie ben\u00f6tigen, um effizient und komfortabel zu arbeiten.\n\t\t\t\t\t<\/p>\n<p>\t\t\t\t<svg aria-hidden=\"true\" viewBox=\"0 0 512 512\" xmlns=\"http:\/\/www.w3.org\/2000\/svg\"><path d=\"M173.898 439.404l-166.4-166.4c-9.997-9.997-9.997-26.206 0-36.204l36.203-36.204c9.997-9.998 26.207-9.998 36.204 0L192 312.69 432.095 72.596c9.997-9.997 26.207-9.997 36.204 0l36.203 36.204c9.997 9.997 9.997 26.206 0 36.204l-294.4 294.401c-9.998 9.997-26.207 9.997-36.204-.001z\"><\/path><\/svg>\t\t\t\t<\/p>\n<h3>\n\t\t\t\t\t\tJobRad<br \/>\n\t\t\t\t<\/h3>\n<p>\n\t\t\t\t\t\tWir f\u00f6rdern umweltfreundliche Mobilit\u00e4t und unterst\u00fctzen Sie dabei, fit und gesund zu bleiben. Mit unserem JobRad-Konzept haben Sie die M\u00f6glichkeit, ein Dienstfahrrad zu attraktiven Konditionen zu leasen. Damit k\u00f6nnen Sie nicht nur umweltbewusst zur Arbeit kommen, sondern auch von den gesundheitlichen Vorteilen des Fahrradfahrens profitieren.\t\t\t\t\t<\/p>\n<p>\t\t\t\t<svg aria-hidden=\"true\" viewBox=\"0 0 512 512\" xmlns=\"http:\/\/www.w3.org\/2000\/svg\"><path d=\"M173.898 439.404l-166.4-166.4c-9.997-9.997-9.997-26.206 0-36.204l36.203-36.204c9.997-9.998 26.207-9.998 36.204 0L192 312.69 432.095 72.596c9.997-9.997 26.207-9.997 36.204 0l36.203 36.204c9.997 9.997 9.997 26.206 0 36.204l-294.4 294.401c-9.998 9.997-26.207 9.997-36.204-.001z\"><\/path><\/svg>\t\t\t\t<\/p>\n<h3>\n\t\t\t\t\t\tBezuschusste Altersvorsorge<br \/>\n\t\t\t\t<\/h3>\n<p>\n\t\t\t\t\t\tWir m\u00f6chten, dass Sie sich auch f\u00fcr Ihre Zukunft gut abgesichert f\u00fchlen. Daher bieten wir Ihnen eine bezuschusste Altersvorsorge, um Ihnen finanzielle Sicherheit im Ruhestand zu gew\u00e4hrleisten. Bei uns haben Sie die M\u00f6glichkeit, f\u00fcr Ihre Zukunft vorzusorgen und gleichzeitig von attraktiven Arbeitgeberleistungen zu profitieren.\t\t\t\t\t<\/p>\n<p>\t\t\t\t<svg aria-hidden=\"true\" viewBox=\"0 0 512 512\" xmlns=\"http:\/\/www.w3.org\/2000\/svg\"><path d=\"M173.898 439.404l-166.4-166.4c-9.997-9.997-9.997-26.206 0-36.204l36.203-36.204c9.997-9.998 26.207-9.998 36.204 0L192 312.69 432.095 72.596c9.997-9.997 26.207-9.997 36.204 0l36.203 36.204c9.997 9.997 9.997 26.206 0 36.204l-294.4 294.401c-9.998 9.997-26.207 9.997-36.204-.001z\"><\/path><\/svg>\t\t\t\t<\/p>\n<h3>\n\t\t\t\t\t\tTankkarten mit Rabatt<br \/>\n\t\t\t\t<\/h3>\n<p>\n\t\t\t\t\t\tAls Mitarbeiter bei Tilly Hedrich erhalten Sie exklusive Vorteile, um Ihnen den Alltag zu erleichtern. Dazu geh\u00f6ren auch Tankkarten mit attraktiven Rabatten. Sie k\u00f6nnen somit bei jeder Tankf\u00fcllung sparen und haben die Gewissheit, dass Sie von verg\u00fcnstigten Konditionen profitieren. Wir sorgen daf\u00fcr, dass Sie mobil bleiben und gleichzeitig Ihr Budget schonen k\u00f6nnen.\t\t\t\t\t<\/p>\n<p>\t\t\t\t<svg aria-hidden=\"true\" viewBox=\"0 0 512 512\" xmlns=\"http:\/\/www.w3.org\/2000\/svg\"><path d=\"M173.898 439.404l-166.4-166.4c-9.997-9.997-9.997-26.206 0-36.204l36.203-36.204c9.997-9.998 26.207-9.998 36.204 0L192 312.69 432.095 72.596c9.997-9.997 26.207-9.997 36.204 0l36.203 36.204c9.997 9.997 9.997 26.206 0 36.204l-294.4 294.401c-9.998 9.997-26.207 9.997-36.204-.001z\"><\/path><\/svg>\t\t\t\t<\/p>\n<h3>\n\t\t\t\t\t\tBetriebsarzt<br \/>\n\t\t\t\t<\/h3>\n<p>\n\t\t\t\t\t\tIhre Gesundheit liegt uns am Herzen. Daher haben wir einen Betriebsarzt, der Ihnen bei gesundheitlichen Fragen und Anliegen zur Verf\u00fcgung steht. Wir m\u00f6chten sicherstellen, dass Sie sich wohl und gut versorgt f\u00fchlen. Der Betriebsarzt steht Ihnen als Ansprechpartner zur Verf\u00fcgung und unterst\u00fctzt Sie bei der Erhaltung Ihrer Gesundheit.\n\t\t\t\t\t<\/p>\n<p>\t\t\t\t<svg aria-hidden=\"true\" viewBox=\"0 0 512 512\" xmlns=\"http:\/\/www.w3.org\/2000\/svg\"><path d=\"M173.898 439.404l-166.4-166.4c-9.997-9.997-9.997-26.206 0-36.204l36.203-36.204c9.997-9.998 26.207-9.998 36.204 0L192 312.69 432.095 72.596c9.997-9.997 26.207-9.997 36.204 0l36.203 36.204c9.997 9.997 9.997 26.206 0 36.204l-294.4 294.401c-9.998 9.997-26.207 9.997-36.204-.001z\"><\/path><\/svg>\t\t\t\t<\/p>\n<h3>\n\t\t\t\t\t\tMonatliche Tankzusch\u00fcsse<br \/>\n\t\t\t\t<\/h3>\n<p>\n\t\t\t\t\t\tBei Tilly Hedrich legen wir gro\u00dfen Wert auf das Wohl unserer Mitarbeiter, und dazu geh\u00f6rt auch die Unterst\u00fctzung im Bereich der Mobilit\u00e4t. Wir bieten monatliche Tankzusch\u00fcsse, um Ihnen den Weg zur Arbeit und die Nutzung Ihres Fahrzeugs zu erleichtern. So k\u00f6nnen Sie sorgenfrei und kosteng\u00fcnstig zur Arbeit kommen und gleichzeitig Ihre finanzielle Belastung reduzieren.\t\t\t\t\t<\/p>\n<p>\t\t\t\t<svg aria-hidden=\"true\" viewBox=\"0 0 512 512\" xmlns=\"http:\/\/www.w3.org\/2000\/svg\"><path d=\"M173.898 439.404l-166.4-166.4c-9.997-9.997-9.997-26.206 0-36.204l36.203-36.204c9.997-9.998 26.207-9.998 36.204 0L192 312.69 432.095 72.596c9.997-9.997 26.207-9.997 36.204 0l36.203 36.204c9.997 9.997 9.997 26.206 0 36.204l-294.4 294.401c-9.998 9.997-26.207 9.997-36.204-.001z\"><\/path><\/svg>\t\t\t\t<\/p>\n<h3>\n\t\t\t\t\t\tMitarbeiterevents<br \/>\n\t\t\t\t<\/h3>\n<p>\n\t\t\t\t\t\tWir sind ein Unternehmen, das auf ein starkes Teamgef\u00fchl und eine positive Arbeitsatmosph\u00e4re setzt. Daher organisieren wir regelm\u00e4\u00dfig Mitarbeiterevents, um das Miteinander zu f\u00f6rdern und gemeinsam besondere Momente zu erleben. Ob Firmenausfl\u00fcge, Sportevents oder Teamaktivit\u00e4ten &#8211; bei uns wird Arbeit nicht nur zum Job, sondern auch zu einer Quelle von Freude und Gemeinschaft.\t\t\t\t\t<\/p>\n<p>\t\t\t\t<svg aria-hidden=\"true\" viewBox=\"0 0 496 512\" xmlns=\"http:\/\/www.w3.org\/2000\/svg\"><path d=\"M248 8C111 8 0 119 0 256s111 248 248 248 248-111 248-248S385 8 248 8zm0 448c-110.3 0-200-89.7-200-200S137.7 56 248 56s200 89.7 200 200-89.7 200-200 200zm117.8-146.4c-10.2-8.5-25.3-7.1-33.8 3.1-20.8 25-51.5 39.4-84 39.4s-63.2-14.3-84-39.4c-8.5-10.2-23.7-11.5-33.8-3.1-10.2 8.5-11.5 23.6-3.1 33.8 30 36 74.1 56.6 120.9 56.6s90.9-20.6 120.9-56.6c8.5-10.2 7.1-25.3-3.1-33.8zM168 240c17.7 0 32-14.3 32-32s-14.3-32-32-32-32 14.3-32 32 14.3 32 32 32zm160-60c-25.7 0-55.9 16.9-59.9 42.1-1.7 11.2 11.5 18.2 19.8 10.8l9.5-8.5c14.8-13.2 46.2-13.2 61 0l9.5 8.5c8.5 7.4 21.6.3 19.8-10.8-3.8-25.2-34-42.1-59.7-42.1z\"><\/path><\/svg>\t\t\t\t<\/p>\n<h3>\n\t\t\t\t\t\tKaffee und Wasser gratis<br \/>\n\t\t\t\t<\/h3>\n<p>\nBei Tilly Hedrich m\u00f6chten wir sicherstellen, dass Sie energiegeladen in den Tag starten k\u00f6nnen. Deshalb bieten wir Ihnen kostenlosen Kaffee sowie Wasser an. Egal ob Filterkaffee, Espresso oder Cappuccino &#8211; genie\u00dfen Sie eine Tasse Kaffee nach Ihrem Geschmack und starten Sie mit frischer Energie in Ihren Arbeitstag.\t\t\t\t\t<\/p>\n","protected":false},"excerpt":{"rendered":"<p>Stellen- Angebote Jetzt bewerben! Willkommen bei Tilly Hedrich &#8211; dem Energieunternehmen mit Herz und Tradition! Willkommen bei Tilly Hedrich &#8211; dem Energie-unternehmen mit Herz und Tradition! Wenn Sie nach einem Arbeitgeber suchen, der Ihnen die M\u00f6glichkeit bietet, sich stetig weiterzuentwickeln, der Tradition und Innovation vereint und der sowohl auf Nachhaltigkeit als auch soziale Verantwortung setzt, [&hellip;]<\/p>\n","protected":false},"author":1,"featured_media":5198,"parent":0,"menu_order":0,"comment_status":"closed","ping_status":"closed","template":"","meta":[],"_links":{"self":[{"href":"https:\/\/wordpress.tilly-hedrich.de\/wordpress.tilly-hedrich.de\/wp-json\/wp\/v2\/pages\/2977"}],"collection":[{"href":"https:\/\/wordpress.tilly-hedrich.de\/wordpress.tilly-hedrich.de\/wp-json\/wp\/v2\/pages"}],"about":[{"href":"https:\/\/wordpress.tilly-hedrich.de\/wordpress.tilly-hedrich.de\/wp-json\/wp\/v2\/types\/page"}],"author":[{"embeddable":true,"href":"https:\/\/wordpress.tilly-hedrich.de\/wordpress.tilly-hedrich.de\/wp-json\/wp\/v2\/users\/1"}],"replies":[{"embeddable":true,"href":"https:\/\/wordpress.tilly-hedrich.de\/wordpress.tilly-hedrich.de\/wp-json\/wp\/v2\/comments?post=2977"}],"version-history":[{"count":10,"href":"https:\/\/wordpress.tilly-hedrich.de\/wordpress.tilly-hedrich.de\/wp-json\/wp\/v2\/pages\/2977\/revisions"}],"predecessor-version":[{"id":7328,"href":"https:\/\/wordpress.tilly-hedrich.de\/wordpress.tilly-hedrich.de\/wp-json\/wp\/v2\/pages\/2977\/revisions\/7328"}],"wp:featuredmedia":[{"embeddable":true,"href":"https:\/\/wordpress.tilly-hedrich.de\/wordpress.tilly-hedrich.de\/wp-json\/wp\/v2\/media\/5198"}],"wp:attachment":[{"href":"https:\/\/wordpress.tilly-hedrich.de\/wordpress.tilly-hedrich.de\/wp-json\/wp\/v2\/media?parent=2977"}],"curies":[{"name":"wp","href":"https:\/\/api.w.org\/{rel}","templated":true}]}}