{"id":1704,"date":"2023-05-16T15:29:40","date_gmt":"2023-05-16T13:29:40","guid":{"rendered":"http:\/\/wordpress.tilly-hedrich.de\/wordpress.tilly-hedrich.de\/?page_id=1704"},"modified":"2023-07-07T13:35:16","modified_gmt":"2023-07-07T11:35:16","slug":"impressum","status":"publish","type":"page","link":"https:\/\/wordpress.tilly-hedrich.de\/wordpress.tilly-hedrich.de\/impressum\/","title":{"rendered":"Impressum"},"content":{"rendered":"<p>Angaben gem\u00e4\u00df \u00a75 TMG:<\/p>\n<p>Tilly Hedrich GmbH &amp; Co. KG<br \/>Perchstetten 4-6, 35428 Langg\u00f6ns<\/p>\n<p>Gesch\u00e4ftsf\u00fchrer*in: Lena Mehl-Trappmann, Uta Trappmann, Sebastian Mehl<\/p>\n<p>Telefon: 06403-77 999 0<br \/>Telefax: 06403-77 999 222<br \/>E-Mail: info@tilly-hedrich.de<\/p>\n<p>Umsatzsteuer Identifikationsnummer: DE 252 309 550<\/p>\n<p>Sitz: 35428 Langg\u00f6ns &#8211; Amtsgericht Gie\u00dfen HRA 5199<\/p>\n<p>Pers. haft. Gesellschafter*in:<br \/>Tilly Hedrich Verwaltungsgesellschaft mbH<br \/>Sitz: 35428 Langg\u00f6ns &#8211; Amtsgericht Gie\u00dfen HRB 10691<\/p>\n","protected":false},"excerpt":{"rendered":"<p>Angaben gem\u00e4\u00df \u00a75 TMG: Tilly Hedrich GmbH &amp; Co. KGPerchstetten 4-6, 35428 Langg\u00f6ns Gesch\u00e4ftsf\u00fchrer*in: Lena Mehl-Trappmann, Uta Trappmann, Sebastian Mehl Telefon: 06403-77 999 0Telefax: 06403-77 999 222E-Mail: info@tilly-hedrich.de Umsatzsteuer Identifikationsnummer: DE 252 309 550 Sitz: 35428 Langg\u00f6ns &#8211; Amtsgericht Gie\u00dfen HRA 5199 Pers. haft. Gesellschafter*in:Tilly Hedrich Verwaltungsgesellschaft mbHSitz: 35428 Langg\u00f6ns &#8211; Amtsgericht Gie\u00dfen HRB 10691<\/p>\n","protected":false},"author":1,"featured_media":0,"parent":0,"menu_order":0,"comment_status":"closed","ping_status":"closed","template":"","meta":[],"_links":{"self":[{"href":"https:\/\/wordpress.tilly-hedrich.de\/wordpress.tilly-hedrich.de\/wp-json\/wp\/v2\/pages\/1704"}],"collection":[{"href":"https:\/\/wordpress.tilly-hedrich.de\/wordpress.tilly-hedrich.de\/wp-json\/wp\/v2\/pages"}],"about":[{"href":"https:\/\/wordpress.tilly-hedrich.de\/wordpress.tilly-hedrich.de\/wp-json\/wp\/v2\/types\/page"}],"author":[{"embeddable":true,"href":"https:\/\/wordpress.tilly-hedrich.de\/wordpress.tilly-hedrich.de\/wp-json\/wp\/v2\/users\/1"}],"replies":[{"embeddable":true,"href":"https:\/\/wordpress.tilly-hedrich.de\/wordpress.tilly-hedrich.de\/wp-json\/wp\/v2\/comments?post=1704"}],"version-history":[{"count":10,"href":"https:\/\/wordpress.tilly-hedrich.de\/wordpress.tilly-hedrich.de\/wp-json\/wp\/v2\/pages\/1704\/revisions"}],"predecessor-version":[{"id":5407,"href":"https:\/\/wordpress.tilly-hedrich.de\/wordpress.tilly-hedrich.de\/wp-json\/wp\/v2\/pages\/1704\/revisions\/5407"}],"wp:attachment":[{"href":"https:\/\/wordpress.tilly-hedrich.de\/wordpress.tilly-hedrich.de\/wp-json\/wp\/v2\/media?parent=1704"}],"curies":[{"name":"wp","href":"https:\/\/api.w.org\/{rel}","templated":true}]}}