{"id":1680,"date":"2023-05-16T15:25:15","date_gmt":"2023-05-16T13:25:15","guid":{"rendered":"http:\/\/wordpress.tilly-hedrich.de\/wordpress.tilly-hedrich.de\/?page_id=1680"},"modified":"2023-07-20T14:34:22","modified_gmt":"2023-07-20T12:34:22","slug":"tankstellen","status":"publish","type":"page","link":"https:\/\/wordpress.tilly-hedrich.de\/wordpress.tilly-hedrich.de\/tankstellen\/","title":{"rendered":"Tankstellen"},"content":{"rendered":"<h2>Ihr Partner in der Region.<\/h2>\n<h1>Die freien Tankstellen der Tilly Hedrich Energieservices<\/h1>\n<p>\t\t\t<a href=\"https:\/\/wordpress.tilly-hedrich.de\/wordpress.tilly-hedrich.de\/tankstellen#tankstelle\"><br \/>\n\t\t\t\t\t\tTankstelle finden!<br \/>\n\t\t\t\t\t<\/a><br \/>\n\t\t\t\t\t\t\t\t\t\t\t\t\t\t\t<img decoding=\"async\" width=\"300\" height=\"58\" src=\"https:\/\/wordpress.tilly-hedrich.de\/wordpress.tilly-hedrich.de\/wp-content\/uploads\/2023\/06\/tilly_logo_tankstellenb.svg\" alt=\"Tilly-Hedrich Energieservice - Tankstelle - Logo\" loading=\"lazy\" \/>\t\t\t\t\t\t\t\t\t\t\t\t\t\t\t<\/p>\n<h2>F\u00fcnf mal vor Ort in unserer Region<\/h2>\n<p>Als Anbieter von umweltfreundlicher Energie und freien Tankstellen m\u00f6chten wir Ihnen helfen, Ihre Energiekosten zu senken und gleichzeitig die Umwelt zu sch\u00fctzen.<\/p>\n<p>An unseren Tankstellen erhalten Sie mittels Tankautomaten bargeldlos rund um die Uhr Qualit\u00e4tskraftstoffe.\u00a0<\/p>\n<p>An den Tankstellen mit Shop in Gie\u00dfen, Langg\u00f6ns und Weinbach auch Zigaretten, Getr\u00e4nke, Snacks und Zeitschriften, sowie Pellets und Motor\u00f6le.<\/p>\n<p>Oder fragen Sie uns doch einfach nach einer Tankkarte mit individuellen Abrechnungsmodalit\u00e4ten.<\/p>\n<p>\t\t\t\t\t\t\t\t\t\t\t\t\t\t\t<img decoding=\"async\" width=\"600\" height=\"300\" src=\"https:\/\/wordpress.tilly-hedrich.de\/wordpress.tilly-hedrich.de\/wp-content\/uploads\/2023\/07\/tilly-hedrich-energieservice-tankstellen-tankkarte-top-2.jpg\" alt=\"\" loading=\"lazy\" srcset=\"https:\/\/wordpress.tilly-hedrich.de\/wordpress.tilly-hedrich.de\/wp-content\/uploads\/2023\/07\/tilly-hedrich-energieservice-tankstellen-tankkarte-top-2.jpg 600w, https:\/\/wordpress.tilly-hedrich.de\/wordpress.tilly-hedrich.de\/wp-content\/uploads\/2023\/07\/tilly-hedrich-energieservice-tankstellen-tankkarte-top-2-300x150.jpg 300w\" sizes=\"(max-width: 600px) 100vw, 600px\" \/><br \/>\n\t\t\t\t<a href=\"https:\/\/tilly-hedrich.de\/downloads\/Tilly_Hedrich_Tankkartenvertrag.pdf\" target=\"_blank\" rel=\"noopener\"><br \/>\n\t\t\t\t<svg aria-hidden=\"true\" viewBox=\"0 0 512 512\" xmlns=\"http:\/\/www.w3.org\/2000\/svg\"><path d=\"M504 256c0 137-111 248-248 248S8 393 8 256 119 8 256 8s248 111 248 248zM212 140v116h-70.9c-10.7 0-16.1 13-8.5 20.5l114.9 114.3c4.7 4.7 12.2 4.7 16.9 0l114.9-114.3c7.6-7.6 2.2-20.5-8.5-20.5H300V140c0-6.6-5.4-12-12-12h-64c-6.6 0-12 5.4-12 12z\"><\/path><\/svg>\t\t\t\t<\/a><\/p>\n<h3>\n\t\t\t\t\t<a href=\"https:\/\/tilly-hedrich.de\/downloads\/Tilly_Hedrich_Tankkartenvertrag.pdf\" target=\"_blank\" rel=\"noopener\"><br \/>\n\t\t\t\t\t\tzur Tankkarte\t\t\t\t\t<\/a><br \/>\n\t\t\t\t<\/h3>\n<h2>F.A.Q.<br \/>\n<\/h2>\n<p>Eine kleine Auswahl von Fragen, die uns immer wieder im t\u00e4glichen Austausch mit unseren Kunden begegnen.<\/p>\n<p>\t\t\t\t\t\t\t\t\t\t\t\t\t\t\t<svg viewBox=\"0 0 448 512\" xmlns=\"http:\/\/www.w3.org\/2000\/svg\"><path d=\"M416 208H272V64c0-17.67-14.33-32-32-32h-32c-17.67 0-32 14.33-32 32v144H32c-17.67 0-32 14.33-32 32v32c0 17.67 14.33 32 32 32h144v144c0 17.67 14.33 32 32 32h32c17.67 0 32-14.33 32-32V304h144c17.67 0 32-14.33 32-32v-32c0-17.67-14.33-32-32-32z\"><\/path><\/svg><br \/>\n\t\t\t\t\t\t\t\t<svg viewBox=\"0 0 448 512\" xmlns=\"http:\/\/www.w3.org\/2000\/svg\"><path d=\"M416 208H32c-17.67 0-32 14.33-32 32v32c0 17.67 14.33 32 32 32h384c17.67 0 32-14.33 32-32v-32c0-17.67-14.33-32-32-32z\"><\/path><\/svg><br \/>\n\t\t\t\t\t\t\t\t\t\t\t\t<a tabindex=\"0\">Gibt es bei Tilly Hedrich Kundenkarten?<\/a><\/p>\n<p>Gerne bieten wir Ihnen f\u00fcr unsere Tankstellen Kundenkarten an. Sie k\u00f6nnen dann mit Ihrem pers\u00f6nlichen PIN an der jeweiligen Tankstelle tanken. Die Abrechnung erfolgt 14-t\u00e4gig.<\/p>\n<p>\t\t\t\t\t\t\t\t\t\t\t\t\t\t\t<svg viewBox=\"0 0 448 512\" xmlns=\"http:\/\/www.w3.org\/2000\/svg\"><path d=\"M416 208H272V64c0-17.67-14.33-32-32-32h-32c-17.67 0-32 14.33-32 32v144H32c-17.67 0-32 14.33-32 32v32c0 17.67 14.33 32 32 32h144v144c0 17.67 14.33 32 32 32h32c17.67 0 32-14.33 32-32V304h144c17.67 0 32-14.33 32-32v-32c0-17.67-14.33-32-32-32z\"><\/path><\/svg><br \/>\n\t\t\t\t\t\t\t\t<svg viewBox=\"0 0 448 512\" xmlns=\"http:\/\/www.w3.org\/2000\/svg\"><path d=\"M416 208H32c-17.67 0-32 14.33-32 32v32c0 17.67 14.33 32 32 32h384c17.67 0 32-14.33 32-32v-32c0-17.67-14.33-32-32-32z\"><\/path><\/svg><br \/>\n\t\t\t\t\t\t\t\t\t\t\t\t<a tabindex=\"0\">Warum wird bei Zahlung mit EC \u2013 oder Kreditkarte der Maximalbetrag als Abbuchung belastet\/angezeigt und sp\u00e4ter zus\u00e4tzlich der tats\u00e4chliche Betrag? Wird doppelt abgebucht?<\/a><\/p>\n<p>Bei Kartenzahlung wird eine sogenannte Vorautorisierung von der Bank vorgenommen. Dabei handelt es sich stets um den Maximalbetrag, der auf dem Konto reserviert wird. Nach der Tankung erfolgt die Korrektur bzw. Buchung des tats\u00e4chlichen Rechnungsbetrages. Meistens erscheint f\u00fcr den Kunden nur der tats\u00e4chliche Betrag. Manche Banken haben allerdings ein anderes, technisches System, bei dem beide Buchungen sichtbar sind \u2013 f\u00fcr den Kunden scheint es dann eine Doppelbuchung zu geben. Dies ist nicht der Fall. Die Korrektur erfolgt lediglich etwas sp\u00e4ter.<\/p>\n","protected":false},"excerpt":{"rendered":"<p>Ihr Partner in der Region. Die freien Tankstellen der Tilly Hedrich Energieservices Tankstelle finden! F\u00fcnf mal vor Ort in unserer Region Als Anbieter von umweltfreundlicher Energie und freien Tankstellen m\u00f6chten wir Ihnen helfen, Ihre Energiekosten zu senken und gleichzeitig die Umwelt zu sch\u00fctzen. An unseren Tankstellen erhalten Sie mittels Tankautomaten bargeldlos rund um die Uhr [&hellip;]<\/p>\n","protected":false},"author":1,"featured_media":5145,"parent":0,"menu_order":0,"comment_status":"closed","ping_status":"closed","template":"","meta":[],"_links":{"self":[{"href":"https:\/\/wordpress.tilly-hedrich.de\/wordpress.tilly-hedrich.de\/wp-json\/wp\/v2\/pages\/1680"}],"collection":[{"href":"https:\/\/wordpress.tilly-hedrich.de\/wordpress.tilly-hedrich.de\/wp-json\/wp\/v2\/pages"}],"about":[{"href":"https:\/\/wordpress.tilly-hedrich.de\/wordpress.tilly-hedrich.de\/wp-json\/wp\/v2\/types\/page"}],"author":[{"embeddable":true,"href":"https:\/\/wordpress.tilly-hedrich.de\/wordpress.tilly-hedrich.de\/wp-json\/wp\/v2\/users\/1"}],"replies":[{"embeddable":true,"href":"https:\/\/wordpress.tilly-hedrich.de\/wordpress.tilly-hedrich.de\/wp-json\/wp\/v2\/comments?post=1680"}],"version-history":[{"count":10,"href":"https:\/\/wordpress.tilly-hedrich.de\/wordpress.tilly-hedrich.de\/wp-json\/wp\/v2\/pages\/1680\/revisions"}],"predecessor-version":[{"id":7462,"href":"https:\/\/wordpress.tilly-hedrich.de\/wordpress.tilly-hedrich.de\/wp-json\/wp\/v2\/pages\/1680\/revisions\/7462"}],"wp:featuredmedia":[{"embeddable":true,"href":"https:\/\/wordpress.tilly-hedrich.de\/wordpress.tilly-hedrich.de\/wp-json\/wp\/v2\/media\/5145"}],"wp:attachment":[{"href":"https:\/\/wordpress.tilly-hedrich.de\/wordpress.tilly-hedrich.de\/wp-json\/wp\/v2\/media?parent=1680"}],"curies":[{"name":"wp","href":"https:\/\/api.w.org\/{rel}","templated":true}]}}