{"id":1678,"date":"2023-05-16T15:25:04","date_gmt":"2023-05-16T13:25:04","guid":{"rendered":"http:\/\/wordpress.tilly-hedrich.de\/wordpress.tilly-hedrich.de\/?page_id=1678"},"modified":"2023-07-20T14:37:58","modified_gmt":"2023-07-20T12:37:58","slug":"waermekonto","status":"publish","type":"page","link":"https:\/\/wordpress.tilly-hedrich.de\/wordpress.tilly-hedrich.de\/waermekonto\/","title":{"rendered":"W\u00e4rmekonto"},"content":{"rendered":"<h2>Individuel &#038; Sicher.<\/h2>\n<p>\t\t\t<a href=\"#\"><br \/>\n\t\t\t\t\t\tJetzt bestellen!<br \/>\n\t\t\t\t\t<\/a><br \/>\n\t\t\t\t\t\t\t\t\t\t\t\t\t\t\t<img decoding=\"async\" width=\"300\" height=\"73\" src=\"https:\/\/wordpress.tilly-hedrich.de\/wordpress.tilly-hedrich.de\/wp-content\/uploads\/2023\/06\/tilly_logo_dachlogo_quer.svg\" alt=\"\" loading=\"lazy\" \/>\t\t\t\t\t\t\t\t\t\t\t\t\t\t\t<\/p>\n<h2>Das Tilly Hedrich W\u00e4rmekonto<\/h2>\n<p>Mit unserem W\u00e4rmekonto k\u00f6nnen Sie ganz bequem monatlich einen individuellen Betrag ansparen. Und wenn die Zeit gekommen ist, Tank oder Lager aufzuf\u00fcllen, haben Sie schon einen Teil- oder den Gesamtbetrag.<\/p>\n<p>Sie kennen das: immer wenn es nicht passt, muss der Heiz\u00f6ltank oder das Pelletlager aufgef\u00fcllt werden. Dabei w\u00e4ren andere Investitionen vorrangig oder das Geld ist gerade knapp?<br \/>Dem k\u00f6nnen Sie mit dem Tilly-Hedrich W\u00e4rmekonto entgegenwirken.<\/p>\n<p>Sparen Sie sich den Stress \u2013 legen Sie sich ein W\u00e4rmekonto an und sehen Sie der Tank- oder Lagerf\u00fcllung ganz entspannt entgegen.<br \/>Sprechen Sie uns an, wir beraten Sie gerne, wie auch Sie sich diesen Vorteil sichern k\u00f6nnen.<\/p>\n<h2>So funktioniert das W\u00e4rmekonto<\/h2>\n<p>\t\t\t\t<svg aria-hidden=\"true\" viewBox=\"0 0 512 512\" xmlns=\"http:\/\/www.w3.org\/2000\/svg\"><path d=\"M256 8c137 0 248 111 248 248S393 504 256 504 8 393 8 256 119 8 256 8zm113.9 231L234.4 103.5c-9.4-9.4-24.6-9.4-33.9 0l-17 17c-9.4 9.4-9.4 24.6 0 33.9L285.1 256 183.5 357.6c-9.4 9.4-9.4 24.6 0 33.9l17 17c9.4 9.4 24.6 9.4 33.9 0L369.9 273c9.4-9.4 9.4-24.6 0-34z\"><\/path><\/svg>\t\t\t\t<\/p>\n<h3>\n\t\t\t\t\t\tFlexibilit\u00e4t und finanzielle Entlastung<br \/>\n\t\t\t\t<\/h3>\n<p>\n\t\t\t\t\t\tMit unserem W\u00e4rmekonto k\u00f6nnen Sie monatlich einen festgelegten Betrag sparen und haben so die M\u00f6glichkeit, die Kosten f\u00fcr Ihre Heiz\u00f6l- oder Pelletbestellungen \u00fcber das Jahr hinweg zu verteilen. Dadurch entlasten wir Ihr monatliches Budget und Sie m\u00fcssen nicht den kompletten Betrag auf einmal zahlen.\n\t\t\t\t\t<\/p>\n<p>\t\t\t\t<svg aria-hidden=\"true\" viewBox=\"0 0 512 512\" xmlns=\"http:\/\/www.w3.org\/2000\/svg\"><path d=\"M256 8c137 0 248 111 248 248S393 504 256 504 8 393 8 256 119 8 256 8zm113.9 231L234.4 103.5c-9.4-9.4-24.6-9.4-33.9 0l-17 17c-9.4 9.4-9.4 24.6 0 33.9L285.1 256 183.5 357.6c-9.4 9.4-9.4 24.6 0 33.9l17 17c9.4 9.4 24.6 9.4 33.9 0L369.9 273c9.4-9.4 9.4-24.6 0-34z\"><\/path><\/svg>\t\t\t\t<\/p>\n<h3>\n\t\t\t\t\t\tSicheres Guthaben &amp; Flexibilit\u00e4t beim Wechsel<br \/>\n\t\t\t\t<\/h3>\n<p>\n\t\t\t\t\t\tIhr angespartes Guthaben auf dem W\u00e4rmekonto geh\u00f6rt Ihnen. Sollten Sie uns verlassen oder den Wunsch haben, Ihre Lieferungen anderweitig zu beziehen, erstatten wir Ihnen den bereits angesparten Betrag. Damit haben Sie maximale Flexibilit\u00e4t und Kontrolle \u00fcber Ihre W\u00e4rmeversorgung.\t\t\t\t\t<\/p>\n<p>\t\t\t\t<svg aria-hidden=\"true\" viewBox=\"0 0 512 512\" xmlns=\"http:\/\/www.w3.org\/2000\/svg\"><path d=\"M256 8c137 0 248 111 248 248S393 504 256 504 8 393 8 256 119 8 256 8zm113.9 231L234.4 103.5c-9.4-9.4-24.6-9.4-33.9 0l-17 17c-9.4 9.4-9.4 24.6 0 33.9L285.1 256 183.5 357.6c-9.4 9.4-9.4 24.6 0 33.9l17 17c9.4 9.4 24.6 9.4 33.9 0L369.9 273c9.4-9.4 9.4-24.6 0-34z\"><\/path><\/svg>\t\t\t\t<\/p>\n<h3>\n\t\t\t\t\t\tKontinuierliches Ansparen und Ratenzahlung<br \/>\n\t\t\t\t<\/h3>\n<p>\n\t\t\t\t\t\tUnser W\u00e4rmekonto funktioniert nach dem Prinzip eines Bausparvertrags. Ein festgelegter Prozentsatz wird angespart, w\u00e4hrend die Restsumme in bequemen Raten abgezahlt wird. Sobald die 50%-Marke erreicht ist, k\u00f6nnen Sie Ihre Bestellung ausl\u00f6sen und m\u00fcssen sich keine Sorgen um hohe Ausgaben machen.\t\t\t\t\t<\/p>\n<p>\t\t\t\t<svg aria-hidden=\"true\" viewBox=\"0 0 512 512\" xmlns=\"http:\/\/www.w3.org\/2000\/svg\"><path d=\"M256 8c137 0 248 111 248 248S393 504 256 504 8 393 8 256 119 8 256 8zm113.9 231L234.4 103.5c-9.4-9.4-24.6-9.4-33.9 0l-17 17c-9.4 9.4-9.4 24.6 0 33.9L285.1 256 183.5 357.6c-9.4 9.4-9.4 24.6 0 33.9l17 17c9.4 9.4 24.6 9.4 33.9 0L369.9 273c9.4-9.4 9.4-24.6 0-34z\"><\/path><\/svg>\t\t\t\t<\/p>\n<h3>\n\t\t\t\t\t\tMa\u00dfgeschneiderte Sparh\u00f6he<br \/>\n\t\t\t\t<\/h3>\n<p>\n\t\t\t\t\t\tDie empfohlene H\u00f6he des monatlichen Sparbetrags auf dem W\u00e4rmekonto richtet sich nach Ihrem durchschnittlichen Verbrauch. Sie haben die Wahl zwischen Lastschrift oder \u00dcberweisung als Zahlungsmethode. Wir machen es Ihnen so komfortabel und passend wie m\u00f6glich, um Ihre W\u00e4rmeversorgung problemlos zu planen.\t\t\t\t\t<\/p>\n<h2>Ihre Heiz\u00f6l Bestellung mit dem Tilly Hedrich W\u00e4rmekonto<\/h2>\n<p>\t\t\t\t\t\t\t\t\t\t\t\t\t\t\t<img decoding=\"async\" width=\"600\" height=\"600\" src=\"https:\/\/wordpress.tilly-hedrich.de\/wordpress.tilly-hedrich.de\/wp-content\/uploads\/2023\/07\/tilly-hedrich-energieservice-waermekonto-beispiel-1.jpg\" alt=\"\" loading=\"lazy\" srcset=\"https:\/\/wordpress.tilly-hedrich.de\/wordpress.tilly-hedrich.de\/wp-content\/uploads\/2023\/07\/tilly-hedrich-energieservice-waermekonto-beispiel-1.jpg 600w, https:\/\/wordpress.tilly-hedrich.de\/wordpress.tilly-hedrich.de\/wp-content\/uploads\/2023\/07\/tilly-hedrich-energieservice-waermekonto-beispiel-1-300x300.jpg 300w, https:\/\/wordpress.tilly-hedrich.de\/wordpress.tilly-hedrich.de\/wp-content\/uploads\/2023\/07\/tilly-hedrich-energieservice-waermekonto-beispiel-1-150x150.jpg 150w\" sizes=\"(max-width: 600px) 100vw, 600px\" \/><br \/>\n\t\t\t\t\t\t\t\t\t\t\t\t\t\t\t<img decoding=\"async\" width=\"600\" height=\"600\" src=\"https:\/\/wordpress.tilly-hedrich.de\/wordpress.tilly-hedrich.de\/wp-content\/uploads\/2023\/07\/tilly-hedrich-energieservice-waermekonto-beispiel-2a.jpg\" alt=\"\" loading=\"lazy\" srcset=\"https:\/\/wordpress.tilly-hedrich.de\/wordpress.tilly-hedrich.de\/wp-content\/uploads\/2023\/07\/tilly-hedrich-energieservice-waermekonto-beispiel-2a.jpg 600w, https:\/\/wordpress.tilly-hedrich.de\/wordpress.tilly-hedrich.de\/wp-content\/uploads\/2023\/07\/tilly-hedrich-energieservice-waermekonto-beispiel-2a-300x300.jpg 300w, https:\/\/wordpress.tilly-hedrich.de\/wordpress.tilly-hedrich.de\/wp-content\/uploads\/2023\/07\/tilly-hedrich-energieservice-waermekonto-beispiel-2a-150x150.jpg 150w\" sizes=\"(max-width: 600px) 100vw, 600px\" \/><br \/>\n\t\t\t\t\t\t\t\t\t\t\t\t\t\t\t<img decoding=\"async\" width=\"600\" height=\"600\" src=\"https:\/\/wordpress.tilly-hedrich.de\/wordpress.tilly-hedrich.de\/wp-content\/uploads\/2023\/07\/tilly-hedrich-energieservice-waermekonto-beispiel-3.jpg\" alt=\"\" loading=\"lazy\" srcset=\"https:\/\/wordpress.tilly-hedrich.de\/wordpress.tilly-hedrich.de\/wp-content\/uploads\/2023\/07\/tilly-hedrich-energieservice-waermekonto-beispiel-3.jpg 600w, https:\/\/wordpress.tilly-hedrich.de\/wordpress.tilly-hedrich.de\/wp-content\/uploads\/2023\/07\/tilly-hedrich-energieservice-waermekonto-beispiel-3-300x300.jpg 300w, https:\/\/wordpress.tilly-hedrich.de\/wordpress.tilly-hedrich.de\/wp-content\/uploads\/2023\/07\/tilly-hedrich-energieservice-waermekonto-beispiel-3-150x150.jpg 150w\" sizes=\"(max-width: 600px) 100vw, 600px\" \/>\t\t\t\t\t\t\t\t\t\t\t\t\t\t\t<\/p>\n<h2>Wir beraten Sie gerne!<\/h2>\n<p>Wir beraten Sie gerne individuell und ausf\u00fchrlich zu Ihrem pers\u00f6nlichen Tilly-Hedrich W\u00e4rmekonto. Sprechen Sie unser kompetentes Team an und lassen Sie sich umfassend \u00fcber die Vorteile und M\u00f6glichkeiten informieren.\u00a0<\/p>\n<p>\t\t\t\t<svg aria-hidden=\"true\" viewBox=\"0 0 448 512\" xmlns=\"http:\/\/www.w3.org\/2000\/svg\"><path d=\"M400 32H48A48 48 0 0 0 0 80v352a48 48 0 0 0 48 48h352a48 48 0 0 0 48-48V80a48 48 0 0 0-48-48zm-16.39 307.37l-15 65A15 15 0 0 1 354 416C194 416 64 286.29 64 126a15.7 15.7 0 0 1 11.63-14.61l65-15A18.23 18.23 0 0 1 144 96a16.27 16.27 0 0 1 13.79 9.09l30 70A17.9 17.9 0 0 1 189 181a17 17 0 0 1-5.5 11.61l-37.89 31a231.91 231.91 0 0 0 110.78 110.78l31-37.89A17 17 0 0 1 299 291a17.85 17.85 0 0 1 5.91 1.21l70 30A16.25 16.25 0 0 1 384 336a17.41 17.41 0 0 1-.39 3.37z\"><\/path><\/svg>\t\t\t\t<\/p>\n<h3>\n\t\t\t\t\t\t06403-77 999 0<br \/>\n\t\t\t\t<\/h3>\n<p>\t\t\t\t<svg aria-hidden=\"true\" viewBox=\"0 0 448 512\" xmlns=\"http:\/\/www.w3.org\/2000\/svg\"><path d=\"M400 64h-48V12c0-6.627-5.373-12-12-12h-40c-6.627 0-12 5.373-12 12v52H160V12c0-6.627-5.373-12-12-12h-40c-6.627 0-12 5.373-12 12v52H48C21.49 64 0 85.49 0 112v352c0 26.51 21.49 48 48 48h352c26.51 0 48-21.49 48-48V112c0-26.51-21.49-48-48-48zm-6 400H54a6 6 0 0 1-6-6V160h352v298a6 6 0 0 1-6 6zm-52.849-200.65L198.842 404.519c-4.705 4.667-12.303 4.637-16.971-.068l-75.091-75.699c-4.667-4.705-4.637-12.303.068-16.971l22.719-22.536c4.705-4.667 12.303-4.637 16.97.069l44.104 44.461 111.072-110.181c4.705-4.667 12.303-4.637 16.971.068l22.536 22.718c4.667 4.705 4.636 12.303-.069 16.97z\"><\/path><\/svg>\t\t\t\t<\/p>\n<h3>\n\t\t\t\t\t\tMontag &#8211; Freitag<br \/>\n\t\t\t\t<\/h3>\n<p>\t\t\t\t<svg aria-hidden=\"true\" viewBox=\"0 0 512 512\" xmlns=\"http:\/\/www.w3.org\/2000\/svg\"><path d=\"M256 8C119 8 8 119 8 256s111 248 248 248 248-111 248-248S393 8 256 8zm0 448c-110.5 0-200-89.5-200-200S145.5 56 256 56s200 89.5 200 200-89.5 200-200 200zm61.8-104.4l-84.9-61.7c-3.1-2.3-4.9-5.9-4.9-9.7V116c0-6.6 5.4-12 12-12h32c6.6 0 12 5.4 12 12v141.7l66.8 48.6c5.4 3.9 6.5 11.4 2.6 16.8L334.6 349c-3.9 5.3-11.4 6.5-16.8 2.6z\"><\/path><\/svg>\t\t\t\t<\/p>\n<h3>\n\t\t\t\t\t\t08:00 &#8211; 17:00 Uhr<br \/>\n\t\t\t\t<\/h3>\n<p>\t\t\t\t\t\t\t\t\t\t\t\t\t\t\t<img decoding=\"async\" width=\"800\" height=\"800\" src=\"https:\/\/wordpress.tilly-hedrich.de\/wordpress.tilly-hedrich.de\/wp-content\/uploads\/2023\/04\/top_team.jpg\" alt=\"\" loading=\"lazy\" srcset=\"https:\/\/wordpress.tilly-hedrich.de\/wordpress.tilly-hedrich.de\/wp-content\/uploads\/2023\/04\/top_team.jpg 1000w, https:\/\/wordpress.tilly-hedrich.de\/wordpress.tilly-hedrich.de\/wp-content\/uploads\/2023\/04\/top_team-300x300.jpg 300w, https:\/\/wordpress.tilly-hedrich.de\/wordpress.tilly-hedrich.de\/wp-content\/uploads\/2023\/04\/top_team-150x150.jpg 150w, https:\/\/wordpress.tilly-hedrich.de\/wordpress.tilly-hedrich.de\/wp-content\/uploads\/2023\/04\/top_team-768x768.jpg 768w\" sizes=\"(max-width: 800px) 100vw, 800px\" \/><\/p>\n","protected":false},"excerpt":{"rendered":"<p>Individuel &#038; Sicher. Jetzt bestellen! Das Tilly Hedrich W\u00e4rmekonto Mit unserem W\u00e4rmekonto k\u00f6nnen Sie ganz bequem monatlich einen individuellen Betrag ansparen. Und wenn die Zeit gekommen ist, Tank oder Lager aufzuf\u00fcllen, haben Sie schon einen Teil- oder den Gesamtbetrag. Sie kennen das: immer wenn es nicht passt, muss der Heiz\u00f6ltank oder das Pelletlager aufgef\u00fcllt werden. [&hellip;]<\/p>\n","protected":false},"author":1,"featured_media":0,"parent":0,"menu_order":0,"comment_status":"closed","ping_status":"closed","template":"","meta":[],"_links":{"self":[{"href":"https:\/\/wordpress.tilly-hedrich.de\/wordpress.tilly-hedrich.de\/wp-json\/wp\/v2\/pages\/1678"}],"collection":[{"href":"https:\/\/wordpress.tilly-hedrich.de\/wordpress.tilly-hedrich.de\/wp-json\/wp\/v2\/pages"}],"about":[{"href":"https:\/\/wordpress.tilly-hedrich.de\/wordpress.tilly-hedrich.de\/wp-json\/wp\/v2\/types\/page"}],"author":[{"embeddable":true,"href":"https:\/\/wordpress.tilly-hedrich.de\/wordpress.tilly-hedrich.de\/wp-json\/wp\/v2\/users\/1"}],"replies":[{"embeddable":true,"href":"https:\/\/wordpress.tilly-hedrich.de\/wordpress.tilly-hedrich.de\/wp-json\/wp\/v2\/comments?post=1678"}],"version-history":[{"count":10,"href":"https:\/\/wordpress.tilly-hedrich.de\/wordpress.tilly-hedrich.de\/wp-json\/wp\/v2\/pages\/1678\/revisions"}],"predecessor-version":[{"id":7468,"href":"https:\/\/wordpress.tilly-hedrich.de\/wordpress.tilly-hedrich.de\/wp-json\/wp\/v2\/pages\/1678\/revisions\/7468"}],"wp:attachment":[{"href":"https:\/\/wordpress.tilly-hedrich.de\/wordpress.tilly-hedrich.de\/wp-json\/wp\/v2\/media?parent=1678"}],"curies":[{"name":"wp","href":"https:\/\/api.w.org\/{rel}","templated":true}]}}